{"id":1177,"date":"2025-01-08T15:44:06","date_gmt":"2025-01-08T15:44:06","guid":{"rendered":"https:\/\/lescafesdubois.com\/?post_type=product&#038;p=1177"},"modified":"2025-02-04T13:58:10","modified_gmt":"2025-02-04T13:58:10","slug":"appia-2-groupes","status":"publish","type":"product","link":"https:\/\/lescafesdubois.com\/en\/product\/appia-2-groupes\/","title":{"rendered":"APPIA \u2013 2 Group"},"content":{"rendered":"<p>The APPIA 2-group machine is designed for professionals who are looking for a user-friendly and\nreliable machine. With its high productivity and remarkable performance, this machine is favored\nby thousands of baristas worldwide.<br \/>\nIts ergonomic design includes powerful and easy-to-handle steam wands, a pre-infusion system to optimize flavor extraction, as well as intuitive controls that allow quick adaptation by baristas of all skill levels.<br \/>\nIt is the ideal machine for caf\u00e9-restaurant chains,\nhotels, or any high-traffic establishment.<\/p>","protected":false},"excerpt":{"rendered":"<p>La machine APPIA 2 groupes est pens\u00e9e pour les professionnels qui recherchent une machine simple d\u2019utilisation et fiable. Avec sa productivit\u00e9 \u00e9lev\u00e9e et ses performances remarquables, cette machine est appr\u00e9ci\u00e9e par des milliers de baristas \u00e0 travers le monde. Son design ergonomique comprend des buses vapeur puissantes et faciles \u00e0 manipuler, un syst\u00e8me de pr\u00e9-infusion [&hellip;]<\/p>","protected":false},"featured_media":1406,"comment_status":"open","ping_status":"closed","template":"","meta":[],"product_cat":[42],"product_tag":[],"brand":[48],"type_machine":[65],"class_list":{"0":"post-1177","1":"product","2":"type-product","3":"status-publish","4":"has-post-thumbnail","6":"product_cat-machine-professionnelle","7":"brand-nuova-simonelli","8":"type_machine-2-groupes","10":"first","11":"instock","12":"shipping-taxable","13":"product-type-simple"},"_links":{"self":[{"href":"https:\/\/lescafesdubois.com\/en\/wp-json\/wp\/v2\/product\/1177","targetHints":{"allow":["GET"]}}],"collection":[{"href":"https:\/\/lescafesdubois.com\/en\/wp-json\/wp\/v2\/product"}],"about":[{"href":"https:\/\/lescafesdubois.com\/en\/wp-json\/wp\/v2\/types\/product"}],"replies":[{"embeddable":true,"href":"https:\/\/lescafesdubois.com\/en\/wp-json\/wp\/v2\/comments?post=1177"}],"version-history":[{"count":2,"href":"https:\/\/lescafesdubois.com\/en\/wp-json\/wp\/v2\/product\/1177\/revisions"}],"predecessor-version":[{"id":1182,"href":"https:\/\/lescafesdubois.com\/en\/wp-json\/wp\/v2\/product\/1177\/revisions\/1182"}],"wp:featuredmedia":[{"embeddable":true,"href":"https:\/\/lescafesdubois.com\/en\/wp-json\/wp\/v2\/media\/1406"}],"wp:attachment":[{"href":"https:\/\/lescafesdubois.com\/en\/wp-json\/wp\/v2\/media?parent=1177"}],"wp:term":[{"taxonomy":"product_cat","embeddable":true,"href":"https:\/\/lescafesdubois.com\/en\/wp-json\/wp\/v2\/product_cat?post=1177"},{"taxonomy":"product_tag","embeddable":true,"href":"https:\/\/lescafesdubois.com\/en\/wp-json\/wp\/v2\/product_tag?post=1177"},{"taxonomy":"brand","embeddable":true,"href":"https:\/\/lescafesdubois.com\/en\/wp-json\/wp\/v2\/brand?post=1177"},{"taxonomy":"type_machine","embeddable":true,"href":"https:\/\/lescafesdubois.com\/en\/wp-json\/wp\/v2\/type_machine?post=1177"}],"curies":[{"name":"wp","href":"https:\/\/api.w.org\/{rel}","templated":true}]}}