{"id":1407,"date":"2025-01-13T13:21:05","date_gmt":"2025-01-13T13:21:05","guid":{"rendered":"https:\/\/lescafesdubois.com\/?post_type=product&#038;p=1407"},"modified":"2025-02-04T15:30:39","modified_gmt":"2025-02-04T15:30:39","slug":"appia-3-groupes","status":"publish","type":"product","link":"https:\/\/lescafesdubois.com\/en\/product\/appia-3-groupes\/","title":{"rendered":"APPIA \u2013 3 Group"},"content":{"rendered":"<p>The APPIA 3-group machine is designed for professionals looking for a user-friendly and reliable machine. With its high productivity and outstanding performance, this machine is appreciated by thousands of baristas around the world.<br \/>\nIts ergonomic design includes powerful and easy-to-handle steam wands, a pre-infusion system to optimize flavor extraction, as well as intuitive controls that allow quick adaptation by baristas of all skill levels.<br \/>\nIt is the ideal machine for caf\u00e9-restaurant chains,\nhotels, or any high-traffic establishment.<\/p>","protected":false},"excerpt":{"rendered":"<p>La machine APPIA 3 groupes est pens\u00e9e pour les professionnels qui recherchent une machine simple d\u2019utilisation et fiable. Avec sa productivit\u00e9 \u00e9lev\u00e9e et ses performances remarquables, cette machine est appr\u00e9ci\u00e9e par des milliers de baristas \u00e0 travers le monde. Son design ergonomique comprend des buses vapeur puissantes et faciles \u00e0 manipuler, un syst\u00e8me de pr\u00e9-infusion [&hellip;]<\/p>","protected":false},"featured_media":1408,"comment_status":"open","ping_status":"closed","template":"","meta":[],"product_cat":[42],"product_tag":[],"brand":[48],"type_machine":[66],"class_list":{"0":"post-1407","1":"product","2":"type-product","3":"status-publish","4":"has-post-thumbnail","6":"product_cat-machine-professionnelle","7":"brand-nuova-simonelli","8":"type_machine-3-groupes","10":"first","11":"instock","12":"shipping-taxable","13":"product-type-simple"},"_links":{"self":[{"href":"https:\/\/lescafesdubois.com\/en\/wp-json\/wp\/v2\/product\/1407","targetHints":{"allow":["GET"]}}],"collection":[{"href":"https:\/\/lescafesdubois.com\/en\/wp-json\/wp\/v2\/product"}],"about":[{"href":"https:\/\/lescafesdubois.com\/en\/wp-json\/wp\/v2\/types\/product"}],"replies":[{"embeddable":true,"href":"https:\/\/lescafesdubois.com\/en\/wp-json\/wp\/v2\/comments?post=1407"}],"version-history":[{"count":1,"href":"https:\/\/lescafesdubois.com\/en\/wp-json\/wp\/v2\/product\/1407\/revisions"}],"predecessor-version":[{"id":1410,"href":"https:\/\/lescafesdubois.com\/en\/wp-json\/wp\/v2\/product\/1407\/revisions\/1410"}],"wp:featuredmedia":[{"embeddable":true,"href":"https:\/\/lescafesdubois.com\/en\/wp-json\/wp\/v2\/media\/1408"}],"wp:attachment":[{"href":"https:\/\/lescafesdubois.com\/en\/wp-json\/wp\/v2\/media?parent=1407"}],"wp:term":[{"taxonomy":"product_cat","embeddable":true,"href":"https:\/\/lescafesdubois.com\/en\/wp-json\/wp\/v2\/product_cat?post=1407"},{"taxonomy":"product_tag","embeddable":true,"href":"https:\/\/lescafesdubois.com\/en\/wp-json\/wp\/v2\/product_tag?post=1407"},{"taxonomy":"brand","embeddable":true,"href":"https:\/\/lescafesdubois.com\/en\/wp-json\/wp\/v2\/brand?post=1407"},{"taxonomy":"type_machine","embeddable":true,"href":"https:\/\/lescafesdubois.com\/en\/wp-json\/wp\/v2\/type_machine?post=1407"}],"curies":[{"name":"wp","href":"https:\/\/api.w.org\/{rel}","templated":true}]}}