{"id":1424,"date":"2025-01-13T13:47:51","date_gmt":"2025-01-13T13:47:51","guid":{"rendered":"https:\/\/lescafesdubois.com\/?post_type=product&#038;p=1424"},"modified":"2025-02-04T15:31:07","modified_gmt":"2025-02-04T15:31:07","slug":"mdxs","status":"publish","type":"product","link":"https:\/\/lescafesdubois.com\/en\/product\/mdxs\/","title":{"rendered":"MDXS"},"content":{"rendered":"<p>The MDXS grinder is a professional coffee grinder designed to deliver precise and consistent grinding, meeting the demands of high-volume establishments. Equipped with high-quality steel flat burrs, it ensures an even grind that preserves the full richness of the coffee's flavors.<br \/>\nIts powerful and quiet motor guarantees optimal performance, even with intensive use, while reducing overheating to maintain the quality of the ground coffee.<br \/>\nReliable, efficient, and easy to maintain, the MDX grinder is the ideal companion for professionals seeking a grinder that combines quality,\nconsistency, and durability for a perfect espresso with every cup.<\/p>","protected":false},"excerpt":{"rendered":"<p>Le moulin MDXS est un moulin \u00e0 caf\u00e9 professionnel con\u00e7u pour offrir une mouture pr\u00e9cise et constante, r\u00e9pondant aux exigences des \u00e9tablissements \u00e0 haut d\u00e9bit. Dot\u00e9 de meules plates en acier de haute qualit\u00e9, il garantit une mouture uniforme qui pr\u00e9serve toute la richesse des ar\u00f4mes du caf\u00e9. Son moteur puissant et silencieux assure une [&hellip;]<\/p>","protected":false},"featured_media":1425,"comment_status":"open","ping_status":"closed","template":"","meta":[],"product_cat":[56],"product_tag":[],"brand":[48],"type_machine":[69],"class_list":{"0":"post-1424","1":"product","2":"type-product","3":"status-publish","4":"has-post-thumbnail","6":"product_cat-moulin-professionnel","7":"brand-nuova-simonelli","8":"type_machine-moulins","10":"first","11":"instock","12":"shipping-taxable","13":"product-type-simple"},"_links":{"self":[{"href":"https:\/\/lescafesdubois.com\/en\/wp-json\/wp\/v2\/product\/1424","targetHints":{"allow":["GET"]}}],"collection":[{"href":"https:\/\/lescafesdubois.com\/en\/wp-json\/wp\/v2\/product"}],"about":[{"href":"https:\/\/lescafesdubois.com\/en\/wp-json\/wp\/v2\/types\/product"}],"replies":[{"embeddable":true,"href":"https:\/\/lescafesdubois.com\/en\/wp-json\/wp\/v2\/comments?post=1424"}],"version-history":[{"count":1,"href":"https:\/\/lescafesdubois.com\/en\/wp-json\/wp\/v2\/product\/1424\/revisions"}],"predecessor-version":[{"id":1426,"href":"https:\/\/lescafesdubois.com\/en\/wp-json\/wp\/v2\/product\/1424\/revisions\/1426"}],"wp:featuredmedia":[{"embeddable":true,"href":"https:\/\/lescafesdubois.com\/en\/wp-json\/wp\/v2\/media\/1425"}],"wp:attachment":[{"href":"https:\/\/lescafesdubois.com\/en\/wp-json\/wp\/v2\/media?parent=1424"}],"wp:term":[{"taxonomy":"product_cat","embeddable":true,"href":"https:\/\/lescafesdubois.com\/en\/wp-json\/wp\/v2\/product_cat?post=1424"},{"taxonomy":"product_tag","embeddable":true,"href":"https:\/\/lescafesdubois.com\/en\/wp-json\/wp\/v2\/product_tag?post=1424"},{"taxonomy":"brand","embeddable":true,"href":"https:\/\/lescafesdubois.com\/en\/wp-json\/wp\/v2\/brand?post=1424"},{"taxonomy":"type_machine","embeddable":true,"href":"https:\/\/lescafesdubois.com\/en\/wp-json\/wp\/v2\/type_machine?post=1424"}],"curies":[{"name":"wp","href":"https:\/\/api.w.org\/{rel}","templated":true}]}}