{"id":1440,"date":"2025-01-13T14:27:52","date_gmt":"2025-01-13T14:27:52","guid":{"rendered":"https:\/\/lescafesdubois.com\/?post_type=product&#038;p=1440"},"modified":"2025-04-11T09:51:29","modified_gmt":"2025-04-11T09:51:29","slug":"s2-2-groupes","status":"publish","type":"product","link":"https:\/\/lescafesdubois.com\/en\/product\/s2-2-groupes\/","title":{"rendered":"S2 \u2013 2 Group"},"content":{"rendered":"<p>LA SPAZIALE S2 is a professional coffee machine for pods, designed to combine simplicity, performance, and reliability. Targeted at establishments seeking an efficient solution for producing a consistently high-quality espresso, it is ideal for cafes, restaurants, and bars with medium volume.<br \/>\nEquipped with an advanced thermal exchanger system, the S2 ensures optimal temperature\nmanagement, allowing for precise extraction of flavors in every cup.<br \/>\nIts functional and robust design, characteristic of the Italian brand La Spaziale, includes\nindependent groups to guarantee optimal productivity and flawless consistency during\nsimultaneous preparations.<\/p>","protected":false},"excerpt":{"rendered":"<p>LA SPAZIALE S2 est une machine \u00e0 caf\u00e9 professionnelle pour dosettes con\u00e7ue pour allier simplicit\u00e9, performance et fiabilit\u00e9. Destin\u00e9e aux \u00e9tablissements recherchant une solution efficace pour produire un espresso de qualit\u00e9 constante, elle est id\u00e9ale pour les caf\u00e9s, restaurants et bars \u00e0 volume moyen. Dot\u00e9e d\u2019un syst\u00e8me d\u2019\u00e9changeur thermique avanc\u00e9, la S2 assure une gestion [&hellip;]<\/p>","protected":false},"featured_media":1441,"comment_status":"open","ping_status":"closed","template":"","meta":[],"product_cat":[42],"product_tag":[],"brand":[51],"type_machine":[65],"class_list":{"0":"post-1440","1":"product","2":"type-product","3":"status-publish","4":"has-post-thumbnail","6":"product_cat-machine-professionnelle","7":"brand-la-spaziale","8":"type_machine-2-groupes","10":"first","11":"instock","12":"shipping-taxable","13":"product-type-simple"},"_links":{"self":[{"href":"https:\/\/lescafesdubois.com\/en\/wp-json\/wp\/v2\/product\/1440","targetHints":{"allow":["GET"]}}],"collection":[{"href":"https:\/\/lescafesdubois.com\/en\/wp-json\/wp\/v2\/product"}],"about":[{"href":"https:\/\/lescafesdubois.com\/en\/wp-json\/wp\/v2\/types\/product"}],"replies":[{"embeddable":true,"href":"https:\/\/lescafesdubois.com\/en\/wp-json\/wp\/v2\/comments?post=1440"}],"version-history":[{"count":1,"href":"https:\/\/lescafesdubois.com\/en\/wp-json\/wp\/v2\/product\/1440\/revisions"}],"predecessor-version":[{"id":1442,"href":"https:\/\/lescafesdubois.com\/en\/wp-json\/wp\/v2\/product\/1440\/revisions\/1442"}],"wp:featuredmedia":[{"embeddable":true,"href":"https:\/\/lescafesdubois.com\/en\/wp-json\/wp\/v2\/media\/1441"}],"wp:attachment":[{"href":"https:\/\/lescafesdubois.com\/en\/wp-json\/wp\/v2\/media?parent=1440"}],"wp:term":[{"taxonomy":"product_cat","embeddable":true,"href":"https:\/\/lescafesdubois.com\/en\/wp-json\/wp\/v2\/product_cat?post=1440"},{"taxonomy":"product_tag","embeddable":true,"href":"https:\/\/lescafesdubois.com\/en\/wp-json\/wp\/v2\/product_tag?post=1440"},{"taxonomy":"brand","embeddable":true,"href":"https:\/\/lescafesdubois.com\/en\/wp-json\/wp\/v2\/brand?post=1440"},{"taxonomy":"type_machine","embeddable":true,"href":"https:\/\/lescafesdubois.com\/en\/wp-json\/wp\/v2\/type_machine?post=1440"}],"curies":[{"name":"wp","href":"https:\/\/api.w.org\/{rel}","templated":true}]}}