{"id":1446,"date":"2025-01-13T14:32:29","date_gmt":"2025-01-13T14:32:29","guid":{"rendered":"https:\/\/lescafesdubois.com\/?post_type=product&#038;p=1446"},"modified":"2025-02-04T15:34:11","modified_gmt":"2025-02-04T15:34:11","slug":"royal","status":"publish","type":"product","link":"https:\/\/lescafesdubois.com\/en\/product\/royal\/","title":{"rendered":"ROYAL"},"content":{"rendered":"<p>The Saeco Royal is a high-end automatic coffee machine, designed for high-volume professional environments such as hotels, offices, and dining spaces. It combines performance, reliability, and elegant design to deliver a superior coffee experience.<br \/>\nEquipped with advanced technologies, the Saeco Royal ensures perfect espresso extraction.<br \/>\nIts intuitive interface allows for quick handling, while its touchscreen simplifies beverage selection and parameter adjustments.<br \/>\nThe machine also features a large-capacity bean hopper and an automatic cleaning system,\nensuring practical and hygienic use.<\/p>","protected":false},"excerpt":{"rendered":"<p>La Saeco Royal est une machine \u00e0 caf\u00e9 automatique haut de gamme, con\u00e7ue pour les environnements professionnels \u00e0 fort d\u00e9bit, tels que les h\u00f4tels, bureaux et espaces de restauration. Elle allie performance, fiabilit\u00e9 et design \u00e9l\u00e9gant pour offrir une exp\u00e9rience caf\u00e9 de qualit\u00e9 sup\u00e9rieure. \u00c9quip\u00e9e de technologies avanc\u00e9es, la Saeco Royal propose une extraction parfaite [&hellip;]<\/p>","protected":false},"featured_media":1448,"comment_status":"open","ping_status":"closed","template":"","meta":[],"product_cat":[42],"product_tag":[],"brand":[52],"type_machine":[67],"class_list":{"0":"post-1446","1":"product","2":"type-product","3":"status-publish","4":"has-post-thumbnail","6":"product_cat-machine-professionnelle","7":"brand-saeco","8":"type_machine-machines-a-grain","10":"first","11":"instock","12":"shipping-taxable","13":"product-type-simple"},"_links":{"self":[{"href":"https:\/\/lescafesdubois.com\/en\/wp-json\/wp\/v2\/product\/1446","targetHints":{"allow":["GET"]}}],"collection":[{"href":"https:\/\/lescafesdubois.com\/en\/wp-json\/wp\/v2\/product"}],"about":[{"href":"https:\/\/lescafesdubois.com\/en\/wp-json\/wp\/v2\/types\/product"}],"replies":[{"embeddable":true,"href":"https:\/\/lescafesdubois.com\/en\/wp-json\/wp\/v2\/comments?post=1446"}],"version-history":[{"count":1,"href":"https:\/\/lescafesdubois.com\/en\/wp-json\/wp\/v2\/product\/1446\/revisions"}],"predecessor-version":[{"id":1449,"href":"https:\/\/lescafesdubois.com\/en\/wp-json\/wp\/v2\/product\/1446\/revisions\/1449"}],"wp:featuredmedia":[{"embeddable":true,"href":"https:\/\/lescafesdubois.com\/en\/wp-json\/wp\/v2\/media\/1448"}],"wp:attachment":[{"href":"https:\/\/lescafesdubois.com\/en\/wp-json\/wp\/v2\/media?parent=1446"}],"wp:term":[{"taxonomy":"product_cat","embeddable":true,"href":"https:\/\/lescafesdubois.com\/en\/wp-json\/wp\/v2\/product_cat?post=1446"},{"taxonomy":"product_tag","embeddable":true,"href":"https:\/\/lescafesdubois.com\/en\/wp-json\/wp\/v2\/product_tag?post=1446"},{"taxonomy":"brand","embeddable":true,"href":"https:\/\/lescafesdubois.com\/en\/wp-json\/wp\/v2\/brand?post=1446"},{"taxonomy":"type_machine","embeddable":true,"href":"https:\/\/lescafesdubois.com\/en\/wp-json\/wp\/v2\/type_machine?post=1446"}],"curies":[{"name":"wp","href":"https:\/\/api.w.org\/{rel}","templated":true}]}}