{"id":3756,"date":"2026-04-27T13:52:07","date_gmt":"2026-04-27T13:52:07","guid":{"rendered":"https:\/\/lescafesdubois.com\/?post_type=product&#038;p=3756"},"modified":"2026-04-27T13:54:23","modified_gmt":"2026-04-27T13:54:23","slug":"java-timor-pure-origine-papouasie-250g","status":"publish","type":"product","link":"https:\/\/lescafesdubois.com\/en\/product\/java-timor-pure-origine-papouasie-250g\/","title":{"rendered":"JAVA TIMOR Pure origine PAPOUASIE  250g"},"content":{"rendered":"<p data-start=\"0\" data-end=\"244\">Pays de terroirs escarp\u00e9s et de cultures ancestrales, la Papouasie-Nouvelle-Guin\u00e9e produit des Arabicas parmi les plus singuliers au monde. Notre s\u00e9lection Pure Origine se distingue par son profil vif, aux notes fruit\u00e9es et subtilement \u00e9pic\u00e9es.<\/p>\n<p data-start=\"246\" data-end=\"392\" data-is-last-node=\"\" data-is-only-node=\"\">JAVA TIMOR vous en restitue toute la richesse aromatique dans ce cru d\u2019exception, s\u00e9lectionn\u00e9, torr\u00e9fi\u00e9 et conserv\u00e9 \u00e0 la perfection par nos soins.<\/p>","protected":false},"excerpt":{"rendered":"<p data-start=\"0\" data-end=\"244\">Pays de terroirs escarp\u00e9s et de cultures ancestrales, la Papouasie-Nouvelle-Guin\u00e9e produit des Arabicas parmi les plus singuliers au monde. Notre s\u00e9lection Pure Origine se distingue par son profil vif, aux notes fruit\u00e9es et subtilement \u00e9pic\u00e9es.<\/p>\n<p data-start=\"246\" data-end=\"392\" data-is-last-node=\"\" data-is-only-node=\"\">JAVA TIMOR vous en restitue toute la richesse aromatique dans ce cru d\u2019exception, s\u00e9lectionn\u00e9, torr\u00e9fi\u00e9 et conserv\u00e9 \u00e0 la perfection par nos soins.<\/p>","protected":false},"featured_media":3757,"comment_status":"open","ping_status":"closed","template":"","meta":[],"product_cat":[26],"product_tag":[],"brand":[],"type_machine":[],"class_list":{"0":"post-3756","1":"product","2":"type-product","3":"status-publish","4":"has-post-thumbnail","6":"product_cat-cafe-en-grain","8":"first","9":"instock","10":"shipping-taxable","11":"purchasable","12":"product-type-simple"},"_links":{"self":[{"href":"https:\/\/lescafesdubois.com\/en\/wp-json\/wp\/v2\/product\/3756","targetHints":{"allow":["GET"]}}],"collection":[{"href":"https:\/\/lescafesdubois.com\/en\/wp-json\/wp\/v2\/product"}],"about":[{"href":"https:\/\/lescafesdubois.com\/en\/wp-json\/wp\/v2\/types\/product"}],"replies":[{"embeddable":true,"href":"https:\/\/lescafesdubois.com\/en\/wp-json\/wp\/v2\/comments?post=3756"}],"version-history":[{"count":3,"href":"https:\/\/lescafesdubois.com\/en\/wp-json\/wp\/v2\/product\/3756\/revisions"}],"predecessor-version":[{"id":3760,"href":"https:\/\/lescafesdubois.com\/en\/wp-json\/wp\/v2\/product\/3756\/revisions\/3760"}],"wp:featuredmedia":[{"embeddable":true,"href":"https:\/\/lescafesdubois.com\/en\/wp-json\/wp\/v2\/media\/3757"}],"wp:attachment":[{"href":"https:\/\/lescafesdubois.com\/en\/wp-json\/wp\/v2\/media?parent=3756"}],"wp:term":[{"taxonomy":"product_cat","embeddable":true,"href":"https:\/\/lescafesdubois.com\/en\/wp-json\/wp\/v2\/product_cat?post=3756"},{"taxonomy":"product_tag","embeddable":true,"href":"https:\/\/lescafesdubois.com\/en\/wp-json\/wp\/v2\/product_tag?post=3756"},{"taxonomy":"brand","embeddable":true,"href":"https:\/\/lescafesdubois.com\/en\/wp-json\/wp\/v2\/brand?post=3756"},{"taxonomy":"type_machine","embeddable":true,"href":"https:\/\/lescafesdubois.com\/en\/wp-json\/wp\/v2\/type_machine?post=3756"}],"curies":[{"name":"wp","href":"https:\/\/api.w.org\/{rel}","templated":true}]}}