{"id":3761,"date":"2026-04-27T13:56:04","date_gmt":"2026-04-27T13:56:04","guid":{"rendered":"https:\/\/lescafesdubois.com\/?post_type=product&#038;p=3761"},"modified":"2026-04-27T13:59:07","modified_gmt":"2026-04-27T13:59:07","slug":"java-timor-pure-origine-ethiopie-250g","status":"publish","type":"product","link":"https:\/\/lescafesdubois.com\/en\/product\/java-timor-pure-origine-ethiopie-250g\/","title":{"rendered":"JAVA TIMOR Pure origine ETHIOPIE 250g"},"content":{"rendered":"<p data-start=\"0\" data-end=\"225\">Berceau originel du caf\u00e9, l\u2019\u00c9thiopie offre des Arabicas parmi les plus raffin\u00e9s et expressifs au monde. Notre s\u00e9lection Pure Origine se distingue par son profil floral, d\u00e9licatement fruit\u00e9, aux nuances \u00e9l\u00e9gantes et complexes.<\/p>\n<p data-start=\"227\" data-end=\"373\" data-is-last-node=\"\" data-is-only-node=\"\">JAVA TIMOR vous en restitue toute la richesse aromatique dans ce cru d\u2019exception, s\u00e9lectionn\u00e9, torr\u00e9fi\u00e9 et conserv\u00e9 \u00e0 la perfection par nos soins.<\/p>","protected":false},"excerpt":{"rendered":"<p>Berceau originel du caf\u00e9, l\u2019\u00c9thiopie offre des Arabicas parmi les plus raffin\u00e9s et expressifs au monde. Notre s\u00e9lection Pure Origine se distingue par son profil floral, d\u00e9licatement fruit\u00e9, aux nuances \u00e9l\u00e9gantes et complexes. JAVA TIMOR vous en restitue toute la richesse aromatique dans ce cru d\u2019exception, s\u00e9lectionn\u00e9, torr\u00e9fi\u00e9 et conserv\u00e9 \u00e0 la perfection par nos [&hellip;]<\/p>","protected":false},"featured_media":3763,"comment_status":"open","ping_status":"closed","template":"","meta":[],"product_cat":[26],"product_tag":[],"brand":[],"type_machine":[],"class_list":{"0":"post-3761","1":"product","2":"type-product","3":"status-publish","4":"has-post-thumbnail","6":"product_cat-cafe-en-grain","8":"first","9":"instock","10":"shipping-taxable","11":"purchasable","12":"product-type-simple"},"_links":{"self":[{"href":"https:\/\/lescafesdubois.com\/en\/wp-json\/wp\/v2\/product\/3761","targetHints":{"allow":["GET"]}}],"collection":[{"href":"https:\/\/lescafesdubois.com\/en\/wp-json\/wp\/v2\/product"}],"about":[{"href":"https:\/\/lescafesdubois.com\/en\/wp-json\/wp\/v2\/types\/product"}],"replies":[{"embeddable":true,"href":"https:\/\/lescafesdubois.com\/en\/wp-json\/wp\/v2\/comments?post=3761"}],"version-history":[{"count":3,"href":"https:\/\/lescafesdubois.com\/en\/wp-json\/wp\/v2\/product\/3761\/revisions"}],"predecessor-version":[{"id":3767,"href":"https:\/\/lescafesdubois.com\/en\/wp-json\/wp\/v2\/product\/3761\/revisions\/3767"}],"wp:featuredmedia":[{"embeddable":true,"href":"https:\/\/lescafesdubois.com\/en\/wp-json\/wp\/v2\/media\/3763"}],"wp:attachment":[{"href":"https:\/\/lescafesdubois.com\/en\/wp-json\/wp\/v2\/media?parent=3761"}],"wp:term":[{"taxonomy":"product_cat","embeddable":true,"href":"https:\/\/lescafesdubois.com\/en\/wp-json\/wp\/v2\/product_cat?post=3761"},{"taxonomy":"product_tag","embeddable":true,"href":"https:\/\/lescafesdubois.com\/en\/wp-json\/wp\/v2\/product_tag?post=3761"},{"taxonomy":"brand","embeddable":true,"href":"https:\/\/lescafesdubois.com\/en\/wp-json\/wp\/v2\/brand?post=3761"},{"taxonomy":"type_machine","embeddable":true,"href":"https:\/\/lescafesdubois.com\/en\/wp-json\/wp\/v2\/type_machine?post=3761"}],"curies":[{"name":"wp","href":"https:\/\/api.w.org\/{rel}","templated":true}]}}