{"id":541,"date":"2024-12-25T14:15:44","date_gmt":"2024-12-25T14:15:44","guid":{"rendered":"https:\/\/lescafesdubois.com\/?post_type=product&#038;p=541"},"modified":"2025-02-03T17:25:34","modified_gmt":"2025-02-03T17:25:34","slug":"java-timor-pure-origine-bresil-200g","status":"publish","type":"product","link":"https:\/\/lescafesdubois.com\/en\/product\/java-timor-pure-origine-bresil-200g\/","title":{"rendered":"JAVA TIMOR Pure origine Br\u00e9sil 200g"},"content":{"rendered":"<p>A country with a rich coffee tradition, Brazil is renowned for producing some of the finest Arabicas in the world. Our Pure Origin selection stands out with its smooth and delicately fruity flavor.<br \/>\nJAVA TIMOR captures all the aromatic treasures of this exceptional blend, carefully selected, roasted, and preserved to perfection by our team.<\/p>","protected":false},"excerpt":{"rendered":"<p>Pays de grande tradition caf\u00e9i\u00e8re, le Br\u00e9sil est r\u00e9put\u00e9 pour ses Arabicas parmi les meilleurs au monde. Notre s\u00e9lection Pure Origine se distingue par sa saveur douce et finement fruit\u00e9e. JAVA TIMOR vous en restitue tous les tr\u00e9sors aromatiques dans ce cru d&rsquo;exception, s\u00e9lectionn\u00e9, torr\u00e9fi\u00e9 et conserv\u00e9 \u00e0 la perfection par nos soins.<\/p>","protected":false},"featured_media":533,"comment_status":"open","ping_status":"closed","template":"","meta":[],"product_cat":[31],"product_tag":[],"brand":[],"type_machine":[],"class_list":{"0":"post-541","1":"product","2":"type-product","3":"status-publish","4":"has-post-thumbnail","6":"product_cat-cafe-moulu","8":"first","9":"instock","10":"shipping-taxable","11":"purchasable","12":"product-type-simple"},"_links":{"self":[{"href":"https:\/\/lescafesdubois.com\/en\/wp-json\/wp\/v2\/product\/541","targetHints":{"allow":["GET"]}}],"collection":[{"href":"https:\/\/lescafesdubois.com\/en\/wp-json\/wp\/v2\/product"}],"about":[{"href":"https:\/\/lescafesdubois.com\/en\/wp-json\/wp\/v2\/types\/product"}],"replies":[{"embeddable":true,"href":"https:\/\/lescafesdubois.com\/en\/wp-json\/wp\/v2\/comments?post=541"}],"version-history":[{"count":4,"href":"https:\/\/lescafesdubois.com\/en\/wp-json\/wp\/v2\/product\/541\/revisions"}],"predecessor-version":[{"id":1980,"href":"https:\/\/lescafesdubois.com\/en\/wp-json\/wp\/v2\/product\/541\/revisions\/1980"}],"wp:featuredmedia":[{"embeddable":true,"href":"https:\/\/lescafesdubois.com\/en\/wp-json\/wp\/v2\/media\/533"}],"wp:attachment":[{"href":"https:\/\/lescafesdubois.com\/en\/wp-json\/wp\/v2\/media?parent=541"}],"wp:term":[{"taxonomy":"product_cat","embeddable":true,"href":"https:\/\/lescafesdubois.com\/en\/wp-json\/wp\/v2\/product_cat?post=541"},{"taxonomy":"product_tag","embeddable":true,"href":"https:\/\/lescafesdubois.com\/en\/wp-json\/wp\/v2\/product_tag?post=541"},{"taxonomy":"brand","embeddable":true,"href":"https:\/\/lescafesdubois.com\/en\/wp-json\/wp\/v2\/brand?post=541"},{"taxonomy":"type_machine","embeddable":true,"href":"https:\/\/lescafesdubois.com\/en\/wp-json\/wp\/v2\/type_machine?post=541"}],"curies":[{"name":"wp","href":"https:\/\/api.w.org\/{rel}","templated":true}]}}