{"id":543,"date":"2024-12-25T14:17:19","date_gmt":"2024-12-25T14:17:19","guid":{"rendered":"https:\/\/lescafesdubois.com\/?post_type=product&#038;p=543"},"modified":"2025-03-28T14:14:40","modified_gmt":"2025-03-28T14:14:40","slug":"java-timor-pure-origine-colombie-200g","status":"publish","type":"product","link":"https:\/\/lescafesdubois.com\/en\/product\/java-timor-pure-origine-colombie-200g\/","title":{"rendered":"JAVA TIMOR pure origine Colombie 200g"},"content":{"rendered":"<p>Born from century-old plantations nestled on the slopes of the Andes, our Pure Origin Colombian Arabica offers a rich yet well-balanced body and reveals a delicately sweet flavor.<br \/>\nJAVA TIMOR captures all the aromatic treasures of this exceptional blend, carefully selected, roasted, and preserved to perfection by our team.<\/p>","protected":false},"excerpt":{"rendered":"<p>Issu de plantations centenaires nich\u00e9es sur les contreforts des Andes, notre Arabica Pure Origine Colombie offre un corps riche mais bien \u00e9quilibr\u00e9 et r\u00e9v\u00e8le une douceur des plus d\u00e9licates. JAVA TIMOR vous en restitue tous les tr\u00e9sors aromatiques dans ce cru d&rsquo;exception, s\u00e9lectionn\u00e9, torr\u00e9fi\u00e9 et conserv\u00e9 \u00e0 la perfection par nos soins.<\/p>","protected":false},"featured_media":536,"comment_status":"open","ping_status":"closed","template":"","meta":[],"product_cat":[31],"product_tag":[],"brand":[],"type_machine":[],"class_list":{"0":"post-543","1":"product","2":"type-product","3":"status-publish","4":"has-post-thumbnail","6":"product_cat-cafe-moulu","8":"first","9":"instock","10":"shipping-taxable","11":"purchasable","12":"product-type-simple"},"_links":{"self":[{"href":"https:\/\/lescafesdubois.com\/en\/wp-json\/wp\/v2\/product\/543","targetHints":{"allow":["GET"]}}],"collection":[{"href":"https:\/\/lescafesdubois.com\/en\/wp-json\/wp\/v2\/product"}],"about":[{"href":"https:\/\/lescafesdubois.com\/en\/wp-json\/wp\/v2\/types\/product"}],"replies":[{"embeddable":true,"href":"https:\/\/lescafesdubois.com\/en\/wp-json\/wp\/v2\/comments?post=543"}],"version-history":[{"count":4,"href":"https:\/\/lescafesdubois.com\/en\/wp-json\/wp\/v2\/product\/543\/revisions"}],"predecessor-version":[{"id":1981,"href":"https:\/\/lescafesdubois.com\/en\/wp-json\/wp\/v2\/product\/543\/revisions\/1981"}],"wp:featuredmedia":[{"embeddable":true,"href":"https:\/\/lescafesdubois.com\/en\/wp-json\/wp\/v2\/media\/536"}],"wp:attachment":[{"href":"https:\/\/lescafesdubois.com\/en\/wp-json\/wp\/v2\/media?parent=543"}],"wp:term":[{"taxonomy":"product_cat","embeddable":true,"href":"https:\/\/lescafesdubois.com\/en\/wp-json\/wp\/v2\/product_cat?post=543"},{"taxonomy":"product_tag","embeddable":true,"href":"https:\/\/lescafesdubois.com\/en\/wp-json\/wp\/v2\/product_tag?post=543"},{"taxonomy":"brand","embeddable":true,"href":"https:\/\/lescafesdubois.com\/en\/wp-json\/wp\/v2\/brand?post=543"},{"taxonomy":"type_machine","embeddable":true,"href":"https:\/\/lescafesdubois.com\/en\/wp-json\/wp\/v2\/type_machine?post=543"}],"curies":[{"name":"wp","href":"https:\/\/api.w.org\/{rel}","templated":true}]}}