{"id":545,"date":"2024-12-25T14:19:08","date_gmt":"2024-12-25T14:19:08","guid":{"rendered":"https:\/\/lescafesdubois.com\/?post_type=product&#038;p=545"},"modified":"2025-03-28T14:14:54","modified_gmt":"2025-03-28T14:14:54","slug":"java-timor-pure-origine-costa-rica-200g","status":"publish","type":"product","link":"https:\/\/lescafesdubois.com\/en\/product\/java-timor-pure-origine-costa-rica-200g\/","title":{"rendered":"JAVA TIMOR pure origine Costa Rica 200g"},"content":{"rendered":"<p>Our Pure Origin Costa Rican Arabica is grown on the highlands of the \"Meseta Central,\" in volcanic soil that imparts its distinctive character, recognizable by its bold and fruity flavor.<\/p>\n<p>JAVA TIMOR captures all the aromatic treasures of this exceptional blend, carefully selected, roasted, and preserved to perfection by our team.<\/p>","protected":false},"excerpt":{"rendered":"<p>Notre Arabica Pure Origine Costa Rica est cultiv\u00e9 sur les hauts plateaux, \u00ab\u00a0la Maseta Central\u00a0\u00bb, dans une terre volcanique qui lui conf\u00e8re son caract\u00e8re si particulier, reconnaissable \u00e0 son go\u00fbt cors\u00e9 et fruit\u00e9. JAVA TIMOR vous en restitue tous les tr\u00e9sors aromatiques dans ce cru d&rsquo;exception, s\u00e9lectionn\u00e9, torr\u00e9fi\u00e9 et conserv\u00e9 \u00e0 la perfection par nos [&hellip;]<\/p>","protected":false},"featured_media":537,"comment_status":"open","ping_status":"closed","template":"","meta":[],"product_cat":[31],"product_tag":[],"brand":[],"type_machine":[],"class_list":{"0":"post-545","1":"product","2":"type-product","3":"status-publish","4":"has-post-thumbnail","6":"product_cat-cafe-moulu","8":"first","9":"instock","10":"shipping-taxable","11":"purchasable","12":"product-type-simple"},"_links":{"self":[{"href":"https:\/\/lescafesdubois.com\/en\/wp-json\/wp\/v2\/product\/545","targetHints":{"allow":["GET"]}}],"collection":[{"href":"https:\/\/lescafesdubois.com\/en\/wp-json\/wp\/v2\/product"}],"about":[{"href":"https:\/\/lescafesdubois.com\/en\/wp-json\/wp\/v2\/types\/product"}],"replies":[{"embeddable":true,"href":"https:\/\/lescafesdubois.com\/en\/wp-json\/wp\/v2\/comments?post=545"}],"version-history":[{"count":4,"href":"https:\/\/lescafesdubois.com\/en\/wp-json\/wp\/v2\/product\/545\/revisions"}],"predecessor-version":[{"id":1982,"href":"https:\/\/lescafesdubois.com\/en\/wp-json\/wp\/v2\/product\/545\/revisions\/1982"}],"wp:featuredmedia":[{"embeddable":true,"href":"https:\/\/lescafesdubois.com\/en\/wp-json\/wp\/v2\/media\/537"}],"wp:attachment":[{"href":"https:\/\/lescafesdubois.com\/en\/wp-json\/wp\/v2\/media?parent=545"}],"wp:term":[{"taxonomy":"product_cat","embeddable":true,"href":"https:\/\/lescafesdubois.com\/en\/wp-json\/wp\/v2\/product_cat?post=545"},{"taxonomy":"product_tag","embeddable":true,"href":"https:\/\/lescafesdubois.com\/en\/wp-json\/wp\/v2\/product_tag?post=545"},{"taxonomy":"brand","embeddable":true,"href":"https:\/\/lescafesdubois.com\/en\/wp-json\/wp\/v2\/brand?post=545"},{"taxonomy":"type_machine","embeddable":true,"href":"https:\/\/lescafesdubois.com\/en\/wp-json\/wp\/v2\/type_machine?post=545"}],"curies":[{"name":"wp","href":"https:\/\/api.w.org\/{rel}","templated":true}]}}