{"id":547,"date":"2024-12-25T14:20:09","date_gmt":"2024-12-25T14:20:09","guid":{"rendered":"https:\/\/lescafesdubois.com\/?post_type=product&#038;p=547"},"modified":"2025-03-28T14:16:05","modified_gmt":"2025-03-28T14:16:05","slug":"java-timor-pure-origine-guatemala-200g","status":"publish","type":"product","link":"https:\/\/lescafesdubois.com\/en\/product\/java-timor-pure-origine-guatemala-200g\/","title":{"rendered":"JAVA TIMOR pure origine Guatemala 200g"},"content":{"rendered":"<p>Between volcanoes and mountain forests grows an exquisite coffee that has long been the pride of its growers. A Pure Origin Arabica with a powerful body and a flavorful, delicately spiced taste.<\/p>\n<p>JAVA TIMOR captures all the aromatic treasures of this exceptional blend, carefully selected, roasted, and preserved to perfection by our team.<\/p>","protected":false},"excerpt":{"rendered":"<p>Entre volcans et for\u00eats montagneuses pousse un caf\u00e9 exquis qui, depuis longtemps, fait la fiert\u00e9 des cultivateurs. Un Arabica Pure Origine au corps puissant et au go\u00fbt savoureux, d\u00e9licatement \u00e9pic\u00e9. JAVA TIMOR vous en restitue tous les tr\u00e9sors aromatiques dans ce cru d&rsquo;exception, s\u00e9lectionn\u00e9, torr\u00e9fi\u00e9 et conserv\u00e9 \u00e0 la perfection par nos soins.<\/p>","protected":false},"featured_media":539,"comment_status":"open","ping_status":"closed","template":"","meta":[],"product_cat":[31],"product_tag":[],"brand":[],"type_machine":[],"class_list":{"0":"post-547","1":"product","2":"type-product","3":"status-publish","4":"has-post-thumbnail","6":"product_cat-cafe-moulu","8":"first","9":"instock","10":"shipping-taxable","11":"purchasable","12":"product-type-simple"},"_links":{"self":[{"href":"https:\/\/lescafesdubois.com\/en\/wp-json\/wp\/v2\/product\/547","targetHints":{"allow":["GET"]}}],"collection":[{"href":"https:\/\/lescafesdubois.com\/en\/wp-json\/wp\/v2\/product"}],"about":[{"href":"https:\/\/lescafesdubois.com\/en\/wp-json\/wp\/v2\/types\/product"}],"replies":[{"embeddable":true,"href":"https:\/\/lescafesdubois.com\/en\/wp-json\/wp\/v2\/comments?post=547"}],"version-history":[{"count":4,"href":"https:\/\/lescafesdubois.com\/en\/wp-json\/wp\/v2\/product\/547\/revisions"}],"predecessor-version":[{"id":1983,"href":"https:\/\/lescafesdubois.com\/en\/wp-json\/wp\/v2\/product\/547\/revisions\/1983"}],"wp:featuredmedia":[{"embeddable":true,"href":"https:\/\/lescafesdubois.com\/en\/wp-json\/wp\/v2\/media\/539"}],"wp:attachment":[{"href":"https:\/\/lescafesdubois.com\/en\/wp-json\/wp\/v2\/media?parent=547"}],"wp:term":[{"taxonomy":"product_cat","embeddable":true,"href":"https:\/\/lescafesdubois.com\/en\/wp-json\/wp\/v2\/product_cat?post=547"},{"taxonomy":"product_tag","embeddable":true,"href":"https:\/\/lescafesdubois.com\/en\/wp-json\/wp\/v2\/product_tag?post=547"},{"taxonomy":"brand","embeddable":true,"href":"https:\/\/lescafesdubois.com\/en\/wp-json\/wp\/v2\/brand?post=547"},{"taxonomy":"type_machine","embeddable":true,"href":"https:\/\/lescafesdubois.com\/en\/wp-json\/wp\/v2\/type_machine?post=547"}],"curies":[{"name":"wp","href":"https:\/\/api.w.org\/{rel}","templated":true}]}}