{"id":557,"date":"2024-12-25T14:30:03","date_gmt":"2024-12-25T14:30:03","guid":{"rendered":"https:\/\/lescafesdubois.com\/?post_type=product&#038;p=557"},"modified":"2025-02-12T15:17:06","modified_gmt":"2025-02-12T15:17:06","slug":"java-timor-intenso-n11","status":"publish","type":"product","link":"https:\/\/lescafesdubois.com\/en\/product\/java-timor-intenso-n11\/","title":{"rendered":"JAVA TIMOR Intenso n\u00b011"},"content":{"rendered":"<p>JAVA TIMOR, the ultimate reference in premium coffee, is also available in single-serve aluminum capsules.<\/p>\n<p>Sourced from fine blends, JAVA TIMOR Intenso n\u00b011 reveals a pronounced aroma and the bold character of a strong coffee. The true Italian espresso experience.<\/p>","protected":false},"excerpt":{"rendered":"<p>JAVA TIMOR, la r\u00e9f\u00e9rence incontournable du caf\u00e9 haut de gamme, se d\u00e9cline \u00e9galement en capsules aluminium monodoses compatibles. Issu de grands crus, JAVA TIMOR Intenso n\u00b011 r\u00e9v\u00e8le un ar\u00f4me prononc\u00e9 et le caract\u00e8re du caf\u00e9 cors\u00e9. Le v\u00e9ritable expresso \u00e0 l&rsquo;italienne.<\/p>","protected":false},"featured_media":562,"comment_status":"open","ping_status":"closed","template":"","meta":[],"product_cat":[36],"product_tag":[],"brand":[],"type_machine":[],"class_list":{"0":"post-557","1":"product","2":"type-product","3":"status-publish","4":"has-post-thumbnail","6":"product_cat-capsules-compatibles","8":"first","9":"instock","10":"shipping-taxable","11":"purchasable","12":"product-type-simple"},"_links":{"self":[{"href":"https:\/\/lescafesdubois.com\/en\/wp-json\/wp\/v2\/product\/557","targetHints":{"allow":["GET"]}}],"collection":[{"href":"https:\/\/lescafesdubois.com\/en\/wp-json\/wp\/v2\/product"}],"about":[{"href":"https:\/\/lescafesdubois.com\/en\/wp-json\/wp\/v2\/types\/product"}],"replies":[{"embeddable":true,"href":"https:\/\/lescafesdubois.com\/en\/wp-json\/wp\/v2\/comments?post=557"}],"version-history":[{"count":4,"href":"https:\/\/lescafesdubois.com\/en\/wp-json\/wp\/v2\/product\/557\/revisions"}],"predecessor-version":[{"id":2274,"href":"https:\/\/lescafesdubois.com\/en\/wp-json\/wp\/v2\/product\/557\/revisions\/2274"}],"wp:featuredmedia":[{"embeddable":true,"href":"https:\/\/lescafesdubois.com\/en\/wp-json\/wp\/v2\/media\/562"}],"wp:attachment":[{"href":"https:\/\/lescafesdubois.com\/en\/wp-json\/wp\/v2\/media?parent=557"}],"wp:term":[{"taxonomy":"product_cat","embeddable":true,"href":"https:\/\/lescafesdubois.com\/en\/wp-json\/wp\/v2\/product_cat?post=557"},{"taxonomy":"product_tag","embeddable":true,"href":"https:\/\/lescafesdubois.com\/en\/wp-json\/wp\/v2\/product_tag?post=557"},{"taxonomy":"brand","embeddable":true,"href":"https:\/\/lescafesdubois.com\/en\/wp-json\/wp\/v2\/brand?post=557"},{"taxonomy":"type_machine","embeddable":true,"href":"https:\/\/lescafesdubois.com\/en\/wp-json\/wp\/v2\/type_machine?post=557"}],"curies":[{"name":"wp","href":"https:\/\/api.w.org\/{rel}","templated":true}]}}