{"id":570,"date":"2024-12-25T14:32:44","date_gmt":"2024-12-25T14:32:44","guid":{"rendered":"https:\/\/lescafesdubois.com\/?post_type=product&#038;p=570"},"modified":"2025-02-12T15:16:26","modified_gmt":"2025-02-12T15:16:26","slug":"java-timor-plenitude-n7","status":"publish","type":"product","link":"https:\/\/lescafesdubois.com\/en\/product\/java-timor-plenitude-n7\/","title":{"rendered":"JAVA TIMOR Pl\u00e9nitude n\u00b07"},"content":{"rendered":"<p>JAVA TIMOR, the ultimate reference in premium coffee, is also available in single-serve aluminum capsules.<\/p>\n<p>Harmoniously crafted from the noblest blends, JAVA TIMOR Pl\u00e9nitude n\u00b07 is characterized by its intense and balanced flavor.<\/p>","protected":false},"excerpt":{"rendered":"<p>JAVA TIMOR, la r\u00e9f\u00e9rence incontournable du caf\u00e9 haut de gamme, se d\u00e9cline \u00e9galement en capsules aluminium monodoses compatibles. Compos\u00e9e harmonieusement parmi les crus les plus nobles, JAVA TIMOR Pl\u00e9nitude n\u00b07 se caract\u00e9rise par son go\u00fbt intense et \u00e9quilibr\u00e9.<\/p>","protected":false},"featured_media":565,"comment_status":"open","ping_status":"closed","template":"","meta":[],"product_cat":[36],"product_tag":[],"brand":[],"type_machine":[],"class_list":{"0":"post-570","1":"product","2":"type-product","3":"status-publish","4":"has-post-thumbnail","6":"product_cat-capsules-compatibles","8":"first","9":"instock","10":"shipping-taxable","11":"purchasable","12":"product-type-simple"},"_links":{"self":[{"href":"https:\/\/lescafesdubois.com\/en\/wp-json\/wp\/v2\/product\/570","targetHints":{"allow":["GET"]}}],"collection":[{"href":"https:\/\/lescafesdubois.com\/en\/wp-json\/wp\/v2\/product"}],"about":[{"href":"https:\/\/lescafesdubois.com\/en\/wp-json\/wp\/v2\/types\/product"}],"replies":[{"embeddable":true,"href":"https:\/\/lescafesdubois.com\/en\/wp-json\/wp\/v2\/comments?post=570"}],"version-history":[{"count":3,"href":"https:\/\/lescafesdubois.com\/en\/wp-json\/wp\/v2\/product\/570\/revisions"}],"predecessor-version":[{"id":2267,"href":"https:\/\/lescafesdubois.com\/en\/wp-json\/wp\/v2\/product\/570\/revisions\/2267"}],"wp:featuredmedia":[{"embeddable":true,"href":"https:\/\/lescafesdubois.com\/en\/wp-json\/wp\/v2\/media\/565"}],"wp:attachment":[{"href":"https:\/\/lescafesdubois.com\/en\/wp-json\/wp\/v2\/media?parent=570"}],"wp:term":[{"taxonomy":"product_cat","embeddable":true,"href":"https:\/\/lescafesdubois.com\/en\/wp-json\/wp\/v2\/product_cat?post=570"},{"taxonomy":"product_tag","embeddable":true,"href":"https:\/\/lescafesdubois.com\/en\/wp-json\/wp\/v2\/product_tag?post=570"},{"taxonomy":"brand","embeddable":true,"href":"https:\/\/lescafesdubois.com\/en\/wp-json\/wp\/v2\/brand?post=570"},{"taxonomy":"type_machine","embeddable":true,"href":"https:\/\/lescafesdubois.com\/en\/wp-json\/wp\/v2\/type_machine?post=570"}],"curies":[{"name":"wp","href":"https:\/\/api.w.org\/{rel}","templated":true}]}}