{"id":581,"date":"2024-12-25T14:55:25","date_gmt":"2024-12-25T14:55:25","guid":{"rendered":"https:\/\/lescafesdubois.com\/?post_type=product&#038;p=581"},"modified":"2025-02-12T15:15:09","modified_gmt":"2025-02-12T15:15:09","slug":"java-timor-melodie-n5","status":"publish","type":"product","link":"https:\/\/lescafesdubois.com\/en\/product\/java-timor-melodie-n5\/","title":{"rendered":"JAVA TIMOR M\u00e9lodie n\u00b05"},"content":{"rendered":"<p>JAVA TIMOR, the ultimate reference in premium coffee, is also available in single-serve aluminum capsules.<\/p>\n<p>Made from the most prestigious beans, JAVA TIMOR M\u00e9lodie n\u00b05 offers a delicate and lingering aroma.<\/p>","protected":false},"excerpt":{"rendered":"<p>JAVA TIMOR, la r\u00e9f\u00e9rence incontournable du caf\u00e9 haut de gamme, se d\u00e9cline \u00e9galement en capsules aluminium monodoses compatibles. Compos\u00e9e des plus prestigieux crus, JAVA TIMOR M\u00e9lodie n\u00b05 offre un ar\u00f4me d\u00e9licat et persistant.<\/p>","protected":false},"featured_media":563,"comment_status":"open","ping_status":"closed","template":"","meta":[],"product_cat":[36],"product_tag":[],"brand":[],"type_machine":[],"class_list":{"0":"post-581","1":"product","2":"type-product","3":"status-publish","4":"has-post-thumbnail","6":"product_cat-capsules-compatibles","8":"first","9":"instock","10":"shipping-taxable","11":"purchasable","12":"product-type-simple"},"_links":{"self":[{"href":"https:\/\/lescafesdubois.com\/en\/wp-json\/wp\/v2\/product\/581","targetHints":{"allow":["GET"]}}],"collection":[{"href":"https:\/\/lescafesdubois.com\/en\/wp-json\/wp\/v2\/product"}],"about":[{"href":"https:\/\/lescafesdubois.com\/en\/wp-json\/wp\/v2\/types\/product"}],"replies":[{"embeddable":true,"href":"https:\/\/lescafesdubois.com\/en\/wp-json\/wp\/v2\/comments?post=581"}],"version-history":[{"count":4,"href":"https:\/\/lescafesdubois.com\/en\/wp-json\/wp\/v2\/product\/581\/revisions"}],"predecessor-version":[{"id":2265,"href":"https:\/\/lescafesdubois.com\/en\/wp-json\/wp\/v2\/product\/581\/revisions\/2265"}],"wp:featuredmedia":[{"embeddable":true,"href":"https:\/\/lescafesdubois.com\/en\/wp-json\/wp\/v2\/media\/563"}],"wp:attachment":[{"href":"https:\/\/lescafesdubois.com\/en\/wp-json\/wp\/v2\/media?parent=581"}],"wp:term":[{"taxonomy":"product_cat","embeddable":true,"href":"https:\/\/lescafesdubois.com\/en\/wp-json\/wp\/v2\/product_cat?post=581"},{"taxonomy":"product_tag","embeddable":true,"href":"https:\/\/lescafesdubois.com\/en\/wp-json\/wp\/v2\/product_tag?post=581"},{"taxonomy":"brand","embeddable":true,"href":"https:\/\/lescafesdubois.com\/en\/wp-json\/wp\/v2\/brand?post=581"},{"taxonomy":"type_machine","embeddable":true,"href":"https:\/\/lescafesdubois.com\/en\/wp-json\/wp\/v2\/type_machine?post=581"}],"curies":[{"name":"wp","href":"https:\/\/api.w.org\/{rel}","templated":true}]}}