{"id":583,"date":"2024-12-25T14:55:53","date_gmt":"2024-12-25T14:55:53","guid":{"rendered":"https:\/\/lescafesdubois.com\/?post_type=product&#038;p=583"},"modified":"2025-02-12T15:16:36","modified_gmt":"2025-02-12T15:16:36","slug":"java-timor-pure-origine-bresil-3","status":"publish","type":"product","link":"https:\/\/lescafesdubois.com\/en\/product\/java-timor-pure-origine-bresil-3\/","title":{"rendered":"JAVA TIMOR pure origine Br\u00e9sil"},"content":{"rendered":"<p>JAVA TIMOR, the ultimate reference in premium coffee, is also available in single-serve aluminum capsules.<\/p>\n<p>Our Brazilian Arabica will captivate the most refined palates with its smooth and delicately fruity flavor.<\/p>","protected":false},"excerpt":{"rendered":"<p>JAVA TIMOR, la r\u00e9f\u00e9rence incontournable du caf\u00e9 haut de gamme, se d\u00e9cline \u00e9galement en capsules aluminium monodoses compatibles. Notre Arabica du Br\u00e9sil saura s\u00e9duire les palais les plus raffin\u00e9s avec sa saveur douce et finement fruit\u00e9e.<\/p>","protected":false},"featured_media":558,"comment_status":"open","ping_status":"closed","template":"","meta":[],"product_cat":[36],"product_tag":[],"brand":[],"type_machine":[],"class_list":{"0":"post-583","1":"product","2":"type-product","3":"status-publish","4":"has-post-thumbnail","6":"product_cat-capsules-compatibles","8":"first","9":"instock","10":"shipping-taxable","11":"purchasable","12":"product-type-simple"},"_links":{"self":[{"href":"https:\/\/lescafesdubois.com\/en\/wp-json\/wp\/v2\/product\/583","targetHints":{"allow":["GET"]}}],"collection":[{"href":"https:\/\/lescafesdubois.com\/en\/wp-json\/wp\/v2\/product"}],"about":[{"href":"https:\/\/lescafesdubois.com\/en\/wp-json\/wp\/v2\/types\/product"}],"replies":[{"embeddable":true,"href":"https:\/\/lescafesdubois.com\/en\/wp-json\/wp\/v2\/comments?post=583"}],"version-history":[{"count":4,"href":"https:\/\/lescafesdubois.com\/en\/wp-json\/wp\/v2\/product\/583\/revisions"}],"predecessor-version":[{"id":2269,"href":"https:\/\/lescafesdubois.com\/en\/wp-json\/wp\/v2\/product\/583\/revisions\/2269"}],"wp:featuredmedia":[{"embeddable":true,"href":"https:\/\/lescafesdubois.com\/en\/wp-json\/wp\/v2\/media\/558"}],"wp:attachment":[{"href":"https:\/\/lescafesdubois.com\/en\/wp-json\/wp\/v2\/media?parent=583"}],"wp:term":[{"taxonomy":"product_cat","embeddable":true,"href":"https:\/\/lescafesdubois.com\/en\/wp-json\/wp\/v2\/product_cat?post=583"},{"taxonomy":"product_tag","embeddable":true,"href":"https:\/\/lescafesdubois.com\/en\/wp-json\/wp\/v2\/product_tag?post=583"},{"taxonomy":"brand","embeddable":true,"href":"https:\/\/lescafesdubois.com\/en\/wp-json\/wp\/v2\/brand?post=583"},{"taxonomy":"type_machine","embeddable":true,"href":"https:\/\/lescafesdubois.com\/en\/wp-json\/wp\/v2\/type_machine?post=583"}],"curies":[{"name":"wp","href":"https:\/\/api.w.org\/{rel}","templated":true}]}}