{"id":585,"date":"2024-12-25T14:56:35","date_gmt":"2024-12-25T14:56:35","guid":{"rendered":"https:\/\/lescafesdubois.com\/?post_type=product&#038;p=585"},"modified":"2025-02-12T15:16:44","modified_gmt":"2025-02-12T15:16:44","slug":"java-timor-pure-origine-colombie-3","status":"publish","type":"product","link":"https:\/\/lescafesdubois.com\/en\/product\/java-timor-pure-origine-colombie-3\/","title":{"rendered":"JAVA TIMOR pure origine Colombie"},"content":{"rendered":"<p>JAVA TIMOR, the ultimate reference in premium coffee, is also available in single-serve aluminum capsules.<\/p>\n<p>Our Colombian Arabica reveals a rich and balanced body with a delicately refined flavor.<\/p>","protected":false},"excerpt":{"rendered":"<p>JAVA TIMOR, la r\u00e9f\u00e9rence incontournable du caf\u00e9 haut de gamme, se d\u00e9cline \u00e9galement en capsules aluminium monodoses compatibles. Notre Arabica de Colombie r\u00e9v\u00e8le un corps riche et \u00e9quilibr\u00e9 et une saveur des plus d\u00e9licates.<\/p>","protected":false},"featured_media":559,"comment_status":"open","ping_status":"closed","template":"","meta":[],"product_cat":[36],"product_tag":[],"brand":[],"type_machine":[],"class_list":{"0":"post-585","1":"product","2":"type-product","3":"status-publish","4":"has-post-thumbnail","6":"product_cat-capsules-compatibles","8":"first","9":"instock","10":"shipping-taxable","11":"purchasable","12":"product-type-simple"},"_links":{"self":[{"href":"https:\/\/lescafesdubois.com\/en\/wp-json\/wp\/v2\/product\/585","targetHints":{"allow":["GET"]}}],"collection":[{"href":"https:\/\/lescafesdubois.com\/en\/wp-json\/wp\/v2\/product"}],"about":[{"href":"https:\/\/lescafesdubois.com\/en\/wp-json\/wp\/v2\/types\/product"}],"replies":[{"embeddable":true,"href":"https:\/\/lescafesdubois.com\/en\/wp-json\/wp\/v2\/comments?post=585"}],"version-history":[{"count":3,"href":"https:\/\/lescafesdubois.com\/en\/wp-json\/wp\/v2\/product\/585\/revisions"}],"predecessor-version":[{"id":2270,"href":"https:\/\/lescafesdubois.com\/en\/wp-json\/wp\/v2\/product\/585\/revisions\/2270"}],"wp:featuredmedia":[{"embeddable":true,"href":"https:\/\/lescafesdubois.com\/en\/wp-json\/wp\/v2\/media\/559"}],"wp:attachment":[{"href":"https:\/\/lescafesdubois.com\/en\/wp-json\/wp\/v2\/media?parent=585"}],"wp:term":[{"taxonomy":"product_cat","embeddable":true,"href":"https:\/\/lescafesdubois.com\/en\/wp-json\/wp\/v2\/product_cat?post=585"},{"taxonomy":"product_tag","embeddable":true,"href":"https:\/\/lescafesdubois.com\/en\/wp-json\/wp\/v2\/product_tag?post=585"},{"taxonomy":"brand","embeddable":true,"href":"https:\/\/lescafesdubois.com\/en\/wp-json\/wp\/v2\/brand?post=585"},{"taxonomy":"type_machine","embeddable":true,"href":"https:\/\/lescafesdubois.com\/en\/wp-json\/wp\/v2\/type_machine?post=585"}],"curies":[{"name":"wp","href":"https:\/\/api.w.org\/{rel}","templated":true}]}}