{"id":587,"date":"2024-12-25T14:57:20","date_gmt":"2024-12-25T14:57:20","guid":{"rendered":"https:\/\/lescafesdubois.com\/?post_type=product&#038;p=587"},"modified":"2025-02-12T15:16:51","modified_gmt":"2025-02-12T15:16:51","slug":"java-timor-pure-origine-ethiopie","status":"publish","type":"product","link":"https:\/\/lescafesdubois.com\/en\/product\/java-timor-pure-origine-ethiopie\/","title":{"rendered":"JAVA TIMOR pure origine Ethiopie"},"content":{"rendered":"<p>JAVA TIMOR, the ultimate reference in premium coffee, is also available in single-serve aluminum capsules.<\/p>\n<p>Our Ethiopian Arabica reveals a sophisticated floral taste with delicate fruity notes.<\/p>","protected":false},"excerpt":{"rendered":"<p>JAVA TIMOR, la r\u00e9f\u00e9rence incontournable du caf\u00e9 haut de gamme, se d\u00e9cline \u00e9galement en capsules aluminium monodoses compatibles. Notre Arabica de l&rsquo;Ethiopie r\u00e9v\u00e8le un go\u00fbt floral sophistiqu\u00e9 et de d\u00e9licates notes fruit\u00e9es.<\/p>","protected":false},"featured_media":561,"comment_status":"open","ping_status":"closed","template":"","meta":[],"product_cat":[36],"product_tag":[],"brand":[],"type_machine":[],"class_list":{"0":"post-587","1":"product","2":"type-product","3":"status-publish","4":"has-post-thumbnail","6":"product_cat-capsules-compatibles","8":"first","9":"instock","10":"shipping-taxable","11":"purchasable","12":"product-type-simple"},"_links":{"self":[{"href":"https:\/\/lescafesdubois.com\/en\/wp-json\/wp\/v2\/product\/587","targetHints":{"allow":["GET"]}}],"collection":[{"href":"https:\/\/lescafesdubois.com\/en\/wp-json\/wp\/v2\/product"}],"about":[{"href":"https:\/\/lescafesdubois.com\/en\/wp-json\/wp\/v2\/types\/product"}],"replies":[{"embeddable":true,"href":"https:\/\/lescafesdubois.com\/en\/wp-json\/wp\/v2\/comments?post=587"}],"version-history":[{"count":4,"href":"https:\/\/lescafesdubois.com\/en\/wp-json\/wp\/v2\/product\/587\/revisions"}],"predecessor-version":[{"id":2271,"href":"https:\/\/lescafesdubois.com\/en\/wp-json\/wp\/v2\/product\/587\/revisions\/2271"}],"wp:featuredmedia":[{"embeddable":true,"href":"https:\/\/lescafesdubois.com\/en\/wp-json\/wp\/v2\/media\/561"}],"wp:attachment":[{"href":"https:\/\/lescafesdubois.com\/en\/wp-json\/wp\/v2\/media?parent=587"}],"wp:term":[{"taxonomy":"product_cat","embeddable":true,"href":"https:\/\/lescafesdubois.com\/en\/wp-json\/wp\/v2\/product_cat?post=587"},{"taxonomy":"product_tag","embeddable":true,"href":"https:\/\/lescafesdubois.com\/en\/wp-json\/wp\/v2\/product_tag?post=587"},{"taxonomy":"brand","embeddable":true,"href":"https:\/\/lescafesdubois.com\/en\/wp-json\/wp\/v2\/brand?post=587"},{"taxonomy":"type_machine","embeddable":true,"href":"https:\/\/lescafesdubois.com\/en\/wp-json\/wp\/v2\/type_machine?post=587"}],"curies":[{"name":"wp","href":"https:\/\/api.w.org\/{rel}","templated":true}]}}