{"id":589,"date":"2024-12-25T14:57:48","date_gmt":"2024-12-25T14:57:48","guid":{"rendered":"https:\/\/lescafesdubois.com\/?post_type=product&#038;p=589"},"modified":"2025-02-12T15:16:58","modified_gmt":"2025-02-12T15:16:58","slug":"java-timor-pure-origine-nicaragua","status":"publish","type":"product","link":"https:\/\/lescafesdubois.com\/en\/product\/java-timor-pure-origine-nicaragua\/","title":{"rendered":"JAVA TIMOR pure origine Nicaragua"},"content":{"rendered":"<p>JAVA TIMOR, the ultimate reference in premium coffee, is also available in single-serve aluminum capsules.<\/p>\n<p>Thanks to its authentic composition, our Nicaraguan Arabica offers a pronounced aroma and a very smooth taste.<\/p>","protected":false},"excerpt":{"rendered":"<p>JAVA TIMOR, la r\u00e9f\u00e9rence incontournable du caf\u00e9 haut de gamme, se d\u00e9cline \u00e9galement en capsules aluminium monodoses compatibles. Gr\u00e2ce \u00e0 sa constitution authentique, notre Arabica du Nicaragua offre un ar\u00f4me prononc\u00e9 et un go\u00fbt tr\u00e8s doux.<\/p>","protected":false},"featured_media":564,"comment_status":"open","ping_status":"closed","template":"","meta":[],"product_cat":[36],"product_tag":[],"brand":[],"type_machine":[],"class_list":{"0":"post-589","1":"product","2":"type-product","3":"status-publish","4":"has-post-thumbnail","6":"product_cat-capsules-compatibles","8":"first","9":"instock","10":"shipping-taxable","11":"purchasable","12":"product-type-simple"},"_links":{"self":[{"href":"https:\/\/lescafesdubois.com\/en\/wp-json\/wp\/v2\/product\/589","targetHints":{"allow":["GET"]}}],"collection":[{"href":"https:\/\/lescafesdubois.com\/en\/wp-json\/wp\/v2\/product"}],"about":[{"href":"https:\/\/lescafesdubois.com\/en\/wp-json\/wp\/v2\/types\/product"}],"replies":[{"embeddable":true,"href":"https:\/\/lescafesdubois.com\/en\/wp-json\/wp\/v2\/comments?post=589"}],"version-history":[{"count":3,"href":"https:\/\/lescafesdubois.com\/en\/wp-json\/wp\/v2\/product\/589\/revisions"}],"predecessor-version":[{"id":2272,"href":"https:\/\/lescafesdubois.com\/en\/wp-json\/wp\/v2\/product\/589\/revisions\/2272"}],"wp:featuredmedia":[{"embeddable":true,"href":"https:\/\/lescafesdubois.com\/en\/wp-json\/wp\/v2\/media\/564"}],"wp:attachment":[{"href":"https:\/\/lescafesdubois.com\/en\/wp-json\/wp\/v2\/media?parent=589"}],"wp:term":[{"taxonomy":"product_cat","embeddable":true,"href":"https:\/\/lescafesdubois.com\/en\/wp-json\/wp\/v2\/product_cat?post=589"},{"taxonomy":"product_tag","embeddable":true,"href":"https:\/\/lescafesdubois.com\/en\/wp-json\/wp\/v2\/product_tag?post=589"},{"taxonomy":"brand","embeddable":true,"href":"https:\/\/lescafesdubois.com\/en\/wp-json\/wp\/v2\/brand?post=589"},{"taxonomy":"type_machine","embeddable":true,"href":"https:\/\/lescafesdubois.com\/en\/wp-json\/wp\/v2\/type_machine?post=589"}],"curies":[{"name":"wp","href":"https:\/\/api.w.org\/{rel}","templated":true}]}}